{"id":16689,"date":"2017-09-05T14:30:42","date_gmt":"2017-09-05T12:30:42","guid":{"rendered":"http:\/\/shop.larus.ch.rubin.metanet.ch\/product\/clture-lattes\/"},"modified":"2026-04-19T03:05:32","modified_gmt":"2026-04-19T01:05:32","slug":"clture-lattes-3","status":"publish","type":"product","link":"https:\/\/shop.larus.ch\/fr\/product\/clture-lattes-3\/","title":{"rendered":"Cl\u00f4ture \u00e0 lattes"},"content":{"rendered":"<p>Cl\u00f4ture \u00e0 lattes droite <br \/>impr\u00e9gn\u00e9 verdatre, lattes 90\/18 mm, traverses 90\/18 mm, rabot\u00e9s lisses<\/p>\n","protected":false},"excerpt":{"rendered":"<p>Cl\u00f4ture \u00e0 lattes droite <br \/>impr\u00e9gn\u00e9 verdatre, lattes 90\/18 mm, traverses 90\/18 mm, rabot\u00e9s lisses<\/p>\n","protected":false},"featured_media":322963,"template":"","meta":[],"product_cat":[59123],"product_tag":[],"_links":{"self":[{"href":"https:\/\/shop.larus.ch\/fr\/wp-json\/wp\/v2\/product\/16689"}],"collection":[{"href":"https:\/\/shop.larus.ch\/fr\/wp-json\/wp\/v2\/product"}],"about":[{"href":"https:\/\/shop.larus.ch\/fr\/wp-json\/wp\/v2\/types\/product"}],"wp:featuredmedia":[{"embeddable":true,"href":"https:\/\/shop.larus.ch\/fr\/wp-json\/wp\/v2\/media\/322963"}],"wp:attachment":[{"href":"https:\/\/shop.larus.ch\/fr\/wp-json\/wp\/v2\/media?parent=16689"}],"wp:term":[{"taxonomy":"product_cat","embeddable":true,"href":"https:\/\/shop.larus.ch\/fr\/wp-json\/wp\/v2\/product_cat?post=16689"},{"taxonomy":"product_tag","embeddable":true,"href":"https:\/\/shop.larus.ch\/fr\/wp-json\/wp\/v2\/product_tag?post=16689"}],"curies":[{"name":"wp","href":"https:\/\/api.w.org\/{rel}","templated":true}]}}