{"id":16680,"date":"2017-09-05T14:30:39","date_gmt":"2017-09-05T12:30:39","guid":{"rendered":"http:\/\/shop.larus.ch.rubin.metanet.ch\/product\/porte-double-london-droite\/"},"modified":"2026-04-16T03:11:32","modified_gmt":"2026-04-16T01:11:32","slug":"porte-double-london-droite-2","status":"publish","type":"product","link":"https:\/\/shop.larus.ch\/fr\/product\/porte-double-london-droite-2\/","title":{"rendered":"Porte double London droite"},"content":{"rendered":"<p>Porte double London<br \/>rabot\u00e9e lisse<br \/>droite, lattes 25&#215;75 mm, t\u00eate arrondie<br \/>impr\u00e9gn\u00e9 verd\u00e2tre<\/p>\n","protected":false},"excerpt":{"rendered":"<p>Porte double London<br \/>rabot\u00e9e lisse<br \/>droite, lattes 25&#215;75 mm, t\u00eate arrondie<br \/>impr\u00e9gn\u00e9 verd\u00e2tre<\/p>\n","protected":false},"featured_media":323073,"template":"","meta":[],"product_cat":[59121],"product_tag":[],"_links":{"self":[{"href":"https:\/\/shop.larus.ch\/fr\/wp-json\/wp\/v2\/product\/16680"}],"collection":[{"href":"https:\/\/shop.larus.ch\/fr\/wp-json\/wp\/v2\/product"}],"about":[{"href":"https:\/\/shop.larus.ch\/fr\/wp-json\/wp\/v2\/types\/product"}],"wp:featuredmedia":[{"embeddable":true,"href":"https:\/\/shop.larus.ch\/fr\/wp-json\/wp\/v2\/media\/323073"}],"wp:attachment":[{"href":"https:\/\/shop.larus.ch\/fr\/wp-json\/wp\/v2\/media?parent=16680"}],"wp:term":[{"taxonomy":"product_cat","embeddable":true,"href":"https:\/\/shop.larus.ch\/fr\/wp-json\/wp\/v2\/product_cat?post=16680"},{"taxonomy":"product_tag","embeddable":true,"href":"https:\/\/shop.larus.ch\/fr\/wp-json\/wp\/v2\/product_tag?post=16680"}],"curies":[{"name":"wp","href":"https:\/\/api.w.org\/{rel}","templated":true}]}}