{"id":16675,"date":"2017-09-05T14:30:38","date_gmt":"2017-09-05T12:30:38","guid":{"rendered":"http:\/\/shop.larus.ch.rubin.metanet.ch\/product\/porte-simple-london\/"},"modified":"2026-04-16T03:12:04","modified_gmt":"2026-04-16T01:12:04","slug":"porte-simple-london-2","status":"publish","type":"product","link":"https:\/\/shop.larus.ch\/fr\/product\/porte-simple-london-2\/","title":{"rendered":"Porte simple London"},"content":{"rendered":"<p>Porte simple London<br \/>rabot\u00e9e lisse<br \/>droite, lattes 25&#215;75 mm, t\u00eate arrondie<br \/>impr\u00e9gn\u00e9 verd\u00e2tre<\/p>\n","protected":false},"excerpt":{"rendered":"<p>Porte simple London<br \/>rabot\u00e9e lisse<br \/>droite, lattes 25&#215;75 mm, t\u00eate arrondie<br \/>impr\u00e9gn\u00e9 verd\u00e2tre<\/p>\n","protected":false},"featured_media":323187,"template":"","meta":[],"product_cat":[59119],"product_tag":[],"_links":{"self":[{"href":"https:\/\/shop.larus.ch\/fr\/wp-json\/wp\/v2\/product\/16675"}],"collection":[{"href":"https:\/\/shop.larus.ch\/fr\/wp-json\/wp\/v2\/product"}],"about":[{"href":"https:\/\/shop.larus.ch\/fr\/wp-json\/wp\/v2\/types\/product"}],"wp:featuredmedia":[{"embeddable":true,"href":"https:\/\/shop.larus.ch\/fr\/wp-json\/wp\/v2\/media\/323187"}],"wp:attachment":[{"href":"https:\/\/shop.larus.ch\/fr\/wp-json\/wp\/v2\/media?parent=16675"}],"wp:term":[{"taxonomy":"product_cat","embeddable":true,"href":"https:\/\/shop.larus.ch\/fr\/wp-json\/wp\/v2\/product_cat?post=16675"},{"taxonomy":"product_tag","embeddable":true,"href":"https:\/\/shop.larus.ch\/fr\/wp-json\/wp\/v2\/product_tag?post=16675"}],"curies":[{"name":"wp","href":"https:\/\/api.w.org\/{rel}","templated":true}]}}