{"id":16669,"date":"2017-09-05T14:30:37","date_gmt":"2017-09-05T12:30:37","guid":{"rendered":"http:\/\/shop.larus.ch.rubin.metanet.ch\/product\/clture-en-lattes-london\/"},"modified":"2026-04-16T03:15:47","modified_gmt":"2026-04-16T01:15:47","slug":"clture-en-lattes-london-2","status":"publish","type":"product","link":"https:\/\/shop.larus.ch\/fr\/product\/clture-en-lattes-london-2\/","title":{"rendered":"Cl\u00f4ture en lattes London"},"content":{"rendered":"<p>Cl\u00f4ture en lattes London, <br \/>rabot\u00e9e lisse <br \/>droite, lattes 25x75mm, t\u00eate arrondie, traverses 30&#215;75 mm<br \/>impr\u00e9gn\u00e9 verd\u00e2tre<\/p>\n","protected":false},"excerpt":{"rendered":"<p>Cl\u00f4ture en lattes London, <br \/>rabot\u00e9e lisse <br \/>droite, lattes 25x75mm, t\u00eate arrondie, traverses 30&#215;75 mm<br \/>impr\u00e9gn\u00e9 verd\u00e2tre<\/p>\n","protected":false},"featured_media":323323,"template":"","meta":[],"product_cat":[59117],"product_tag":[],"_links":{"self":[{"href":"https:\/\/shop.larus.ch\/fr\/wp-json\/wp\/v2\/product\/16669"}],"collection":[{"href":"https:\/\/shop.larus.ch\/fr\/wp-json\/wp\/v2\/product"}],"about":[{"href":"https:\/\/shop.larus.ch\/fr\/wp-json\/wp\/v2\/types\/product"}],"wp:featuredmedia":[{"embeddable":true,"href":"https:\/\/shop.larus.ch\/fr\/wp-json\/wp\/v2\/media\/323323"}],"wp:attachment":[{"href":"https:\/\/shop.larus.ch\/fr\/wp-json\/wp\/v2\/media?parent=16669"}],"wp:term":[{"taxonomy":"product_cat","embeddable":true,"href":"https:\/\/shop.larus.ch\/fr\/wp-json\/wp\/v2\/product_cat?post=16669"},{"taxonomy":"product_tag","embeddable":true,"href":"https:\/\/shop.larus.ch\/fr\/wp-json\/wp\/v2\/product_tag?post=16669"}],"curies":[{"name":"wp","href":"https:\/\/api.w.org\/{rel}","templated":true}]}}