{"id":16666,"date":"2017-09-05T14:30:36","date_gmt":"2017-09-05T12:30:36","guid":{"rendered":"http:\/\/shop.larus.ch.rubin.metanet.ch\/product\/porte-norm-clt-lattes\/"},"modified":"2026-04-16T03:20:42","modified_gmt":"2026-04-16T01:20:42","slug":"porte-norm-clt-lattes-4","status":"publish","type":"product","link":"https:\/\/shop.larus.ch\/fr\/product\/porte-norm-clt-lattes-4\/","title":{"rendered":"Porte norm. cl\u00f4t. lattes"},"content":{"rendered":"<p>Portes normalis\u00e9es pour cl\u00f4ture en lattes Luzern<br \/>impr\u00e9gn\u00e9 brun,<br \/>lattes 60\/26 mm, t\u00eate no. 3 (arrondi)<\/p>\n","protected":false},"excerpt":{"rendered":"<p>Portes normalis\u00e9es pour cl\u00f4ture en lattes Luzern<br \/>impr\u00e9gn\u00e9 brun,<br \/>lattes 60\/26 mm, t\u00eate no. 3 (arrondi)<\/p>\n","protected":false},"featured_media":325710,"template":"","meta":[],"product_cat":[59115],"product_tag":[],"_links":{"self":[{"href":"https:\/\/shop.larus.ch\/fr\/wp-json\/wp\/v2\/product\/16666"}],"collection":[{"href":"https:\/\/shop.larus.ch\/fr\/wp-json\/wp\/v2\/product"}],"about":[{"href":"https:\/\/shop.larus.ch\/fr\/wp-json\/wp\/v2\/types\/product"}],"wp:featuredmedia":[{"embeddable":true,"href":"https:\/\/shop.larus.ch\/fr\/wp-json\/wp\/v2\/media\/325710"}],"wp:attachment":[{"href":"https:\/\/shop.larus.ch\/fr\/wp-json\/wp\/v2\/media?parent=16666"}],"wp:term":[{"taxonomy":"product_cat","embeddable":true,"href":"https:\/\/shop.larus.ch\/fr\/wp-json\/wp\/v2\/product_cat?post=16666"},{"taxonomy":"product_tag","embeddable":true,"href":"https:\/\/shop.larus.ch\/fr\/wp-json\/wp\/v2\/product_tag?post=16666"}],"curies":[{"name":"wp","href":"https:\/\/api.w.org\/{rel}","templated":true}]}}