{"id":16660,"date":"2017-09-05T14:30:34","date_gmt":"2017-09-05T12:30:34","guid":{"rendered":"http:\/\/shop.larus.ch.rubin.metanet.ch\/product\/porte-norm-cl-lattes\/"},"modified":"2026-04-16T03:16:00","modified_gmt":"2026-04-16T01:16:00","slug":"porte-norm-cl-lattes","status":"publish","type":"product","link":"https:\/\/shop.larus.ch\/fr\/product\/porte-norm-cl-lattes\/","title":{"rendered":"Porte norm. cl\u00f4. lattes"},"content":{"rendered":"<p>Portes normalis\u00e9es pour cl\u00f4ture en lattes Zug<br \/>impr\u00e9gn\u00e9 brun, lattes 60\/20 mm,<br \/>t\u00eate no. 3 (arrondi)<\/p>\n","protected":false},"excerpt":{"rendered":"<p>Portes normalis\u00e9es pour cl\u00f4ture en lattes Zug<br \/>impr\u00e9gn\u00e9 brun, lattes 60\/20 mm,<br \/>t\u00eate no. 3 (arrondi)<\/p>\n","protected":false},"featured_media":323367,"template":"","meta":[],"product_cat":[59115],"product_tag":[],"_links":{"self":[{"href":"https:\/\/shop.larus.ch\/fr\/wp-json\/wp\/v2\/product\/16660"}],"collection":[{"href":"https:\/\/shop.larus.ch\/fr\/wp-json\/wp\/v2\/product"}],"about":[{"href":"https:\/\/shop.larus.ch\/fr\/wp-json\/wp\/v2\/types\/product"}],"wp:featuredmedia":[{"embeddable":true,"href":"https:\/\/shop.larus.ch\/fr\/wp-json\/wp\/v2\/media\/323367"}],"wp:attachment":[{"href":"https:\/\/shop.larus.ch\/fr\/wp-json\/wp\/v2\/media?parent=16660"}],"wp:term":[{"taxonomy":"product_cat","embeddable":true,"href":"https:\/\/shop.larus.ch\/fr\/wp-json\/wp\/v2\/product_cat?post=16660"},{"taxonomy":"product_tag","embeddable":true,"href":"https:\/\/shop.larus.ch\/fr\/wp-json\/wp\/v2\/product_tag?post=16660"}],"curies":[{"name":"wp","href":"https:\/\/api.w.org\/{rel}","templated":true}]}}