{"id":16658,"date":"2017-09-05T14:30:34","date_gmt":"2017-09-05T12:30:34","guid":{"rendered":"http:\/\/shop.larus.ch.rubin.metanet.ch\/product\/clture-en-lattes\/"},"modified":"2026-04-16T03:10:29","modified_gmt":"2026-04-16T01:10:29","slug":"clture-en-lattes-5","status":"publish","type":"product","link":"https:\/\/shop.larus.ch\/fr\/product\/clture-en-lattes-5\/","title":{"rendered":"Cl\u00f4ture en lattes"},"content":{"rendered":"<p>Cl\u00f4ture en lattes Luzern r\u00e9alisation normalis\u00e9e<br \/>impr\u00e9gn\u00e9 brun, t\u00eate no. 3<br \/>(arrondi), lattes 60\/26 mm, traverses 70\/40 mm<\/p>\n","protected":false},"excerpt":{"rendered":"<p>Cl\u00f4ture en lattes Luzern r\u00e9alisation normalis\u00e9e<br \/>impr\u00e9gn\u00e9 brun, t\u00eate no. 3<br \/>(arrondi), lattes 60\/26 mm, traverses 70\/40 mm<\/p>\n","protected":false},"featured_media":324760,"template":"","meta":[],"product_cat":[59113],"product_tag":[],"_links":{"self":[{"href":"https:\/\/shop.larus.ch\/fr\/wp-json\/wp\/v2\/product\/16658"}],"collection":[{"href":"https:\/\/shop.larus.ch\/fr\/wp-json\/wp\/v2\/product"}],"about":[{"href":"https:\/\/shop.larus.ch\/fr\/wp-json\/wp\/v2\/types\/product"}],"wp:featuredmedia":[{"embeddable":true,"href":"https:\/\/shop.larus.ch\/fr\/wp-json\/wp\/v2\/media\/324760"}],"wp:attachment":[{"href":"https:\/\/shop.larus.ch\/fr\/wp-json\/wp\/v2\/media?parent=16658"}],"wp:term":[{"taxonomy":"product_cat","embeddable":true,"href":"https:\/\/shop.larus.ch\/fr\/wp-json\/wp\/v2\/product_cat?post=16658"},{"taxonomy":"product_tag","embeddable":true,"href":"https:\/\/shop.larus.ch\/fr\/wp-json\/wp\/v2\/product_tag?post=16658"}],"curies":[{"name":"wp","href":"https:\/\/api.w.org\/{rel}","templated":true}]}}