{"id":16657,"date":"2017-09-05T14:30:33","date_gmt":"2017-09-05T12:30:33","guid":{"rendered":"http:\/\/shop.larus.ch.rubin.metanet.ch\/product\/cltures-en-lattes\/"},"modified":"2026-04-16T03:16:15","modified_gmt":"2026-04-16T01:16:15","slug":"cltures-en-lattes","status":"publish","type":"product","link":"https:\/\/shop.larus.ch\/fr\/product\/cltures-en-lattes\/","title":{"rendered":"Cl\u00f4tures en lattes"},"content":{"rendered":"<p>Cl\u00f4ture en lattes Luzern r\u00e9alisation normalis\u00e9e<br \/>impr\u00e9gn\u00e9 brun, t\u00eate no. 3<br \/>(arrondi), lattes 60\/26 mm<br \/>, traverses 60\/40 mm<\/p>\n","protected":false},"excerpt":{"rendered":"<p>Cl\u00f4ture en lattes Luzern r\u00e9alisation normalis\u00e9e<br \/>impr\u00e9gn\u00e9 brun, t\u00eate no. 3<br \/>(arrondi), lattes 60\/26 mm<br \/>, traverses 60\/40 mm<\/p>\n","protected":false},"featured_media":325380,"template":"","meta":[],"product_cat":[59113],"product_tag":[],"_links":{"self":[{"href":"https:\/\/shop.larus.ch\/fr\/wp-json\/wp\/v2\/product\/16657"}],"collection":[{"href":"https:\/\/shop.larus.ch\/fr\/wp-json\/wp\/v2\/product"}],"about":[{"href":"https:\/\/shop.larus.ch\/fr\/wp-json\/wp\/v2\/types\/product"}],"wp:featuredmedia":[{"embeddable":true,"href":"https:\/\/shop.larus.ch\/fr\/wp-json\/wp\/v2\/media\/325380"}],"wp:attachment":[{"href":"https:\/\/shop.larus.ch\/fr\/wp-json\/wp\/v2\/media?parent=16657"}],"wp:term":[{"taxonomy":"product_cat","embeddable":true,"href":"https:\/\/shop.larus.ch\/fr\/wp-json\/wp\/v2\/product_cat?post=16657"},{"taxonomy":"product_tag","embeddable":true,"href":"https:\/\/shop.larus.ch\/fr\/wp-json\/wp\/v2\/product_tag?post=16657"}],"curies":[{"name":"wp","href":"https:\/\/api.w.org\/{rel}","templated":true}]}}