{"id":16656,"date":"2017-09-05T14:30:33","date_gmt":"2017-09-05T12:30:33","guid":{"rendered":"http:\/\/shop.larus.ch.rubin.metanet.ch\/product\/clture-en-lattes\/"},"modified":"2026-04-16T03:11:38","modified_gmt":"2026-04-16T01:11:38","slug":"clture-en-lattes-4","status":"publish","type":"product","link":"https:\/\/shop.larus.ch\/fr\/product\/clture-en-lattes-4\/","title":{"rendered":"Cl\u00f4ture en lattes"},"content":{"rendered":"<p>Cl\u00f4ture en lattes Zug r\u00e9alisation normalis\u00e9e<br \/>impr\u00e9gn\u00e9 brun, r\u00e9alisation l\u00e9g\u00e8re, lattes 60\/20 mm, traverses 80\/26 mm, t\u00eate no. 3 (arrondi)<\/p>\n","protected":false},"excerpt":{"rendered":"<p>Cl\u00f4ture en lattes Zug r\u00e9alisation normalis\u00e9e<br \/>impr\u00e9gn\u00e9 brun, r\u00e9alisation l\u00e9g\u00e8re, lattes 60\/20 mm, traverses 80\/26 mm, t\u00eate no. 3 (arrondi)<\/p>\n","protected":false},"featured_media":323087,"template":"","meta":[],"product_cat":[59111],"product_tag":[],"_links":{"self":[{"href":"https:\/\/shop.larus.ch\/fr\/wp-json\/wp\/v2\/product\/16656"}],"collection":[{"href":"https:\/\/shop.larus.ch\/fr\/wp-json\/wp\/v2\/product"}],"about":[{"href":"https:\/\/shop.larus.ch\/fr\/wp-json\/wp\/v2\/types\/product"}],"wp:featuredmedia":[{"embeddable":true,"href":"https:\/\/shop.larus.ch\/fr\/wp-json\/wp\/v2\/media\/323087"}],"wp:attachment":[{"href":"https:\/\/shop.larus.ch\/fr\/wp-json\/wp\/v2\/media?parent=16656"}],"wp:term":[{"taxonomy":"product_cat","embeddable":true,"href":"https:\/\/shop.larus.ch\/fr\/wp-json\/wp\/v2\/product_cat?post=16656"},{"taxonomy":"product_tag","embeddable":true,"href":"https:\/\/shop.larus.ch\/fr\/wp-json\/wp\/v2\/product_tag?post=16656"}],"curies":[{"name":"wp","href":"https:\/\/api.w.org\/{rel}","templated":true}]}}