{"id":16615,"date":"2017-09-05T14:30:23","date_gmt":"2017-09-05T12:30:23","guid":{"rendered":"http:\/\/shop.larus.ch.rubin.metanet.ch\/product\/l-larg-paroi-en-pierre\/"},"modified":"2026-04-16T03:16:27","modified_gmt":"2026-04-16T01:16:27","slug":"l-larg-paroi-en-pierre","status":"publish","type":"product","link":"https:\/\/shop.larus.ch\/fr\/product\/l-larg-paroi-en-pierre\/","title":{"rendered":"\u00e9l\u00e9. \u00e9larg. paroi en pierre"},"content":{"rendered":"<p>\u00e9l\u00e9ment d\u00b4 \u00e9largissement de paroi en pierre<br \/>se composant de:<br \/>&#8211; 1x colonne murale lo 260cm, la 23cm, galvanis\u00e9<br \/>&#8211; 2x nattes \u00e0 doubles barre S 203cm, galvanis\u00e9<br \/>&#8211; 5x attaches universelles V2A, 1 kit = 4 pi\u00e8ces<br \/>&#8211; 22x entretoises, V2A, 23cm<\/p>\n","protected":false},"excerpt":{"rendered":"<p>\u00e9l\u00e9ment d\u00b4 \u00e9largissement de paroi en pierre<br \/>se composant de:<br \/>&#8211; 1x colonne murale lo 260cm, la 23cm, galvanis\u00e9<br \/>&#8211; 2x nattes \u00e0 doubles barre S 203cm, galvanis\u00e9<br \/>&#8211; 5x attaches universelles V2A, 1 kit = 4 pi\u00e8ces<br \/>&#8211; 22x entretoises, V2A, 23cm<\/p>\n","protected":false},"featured_media":325420,"template":"","meta":[],"product_cat":[59093],"product_tag":[],"_links":{"self":[{"href":"https:\/\/shop.larus.ch\/fr\/wp-json\/wp\/v2\/product\/16615"}],"collection":[{"href":"https:\/\/shop.larus.ch\/fr\/wp-json\/wp\/v2\/product"}],"about":[{"href":"https:\/\/shop.larus.ch\/fr\/wp-json\/wp\/v2\/types\/product"}],"wp:featuredmedia":[{"embeddable":true,"href":"https:\/\/shop.larus.ch\/fr\/wp-json\/wp\/v2\/media\/325420"}],"wp:attachment":[{"href":"https:\/\/shop.larus.ch\/fr\/wp-json\/wp\/v2\/media?parent=16615"}],"wp:term":[{"taxonomy":"product_cat","embeddable":true,"href":"https:\/\/shop.larus.ch\/fr\/wp-json\/wp\/v2\/product_cat?post=16615"},{"taxonomy":"product_tag","embeddable":true,"href":"https:\/\/shop.larus.ch\/fr\/wp-json\/wp\/v2\/product_tag?post=16615"}],"curies":[{"name":"wp","href":"https:\/\/api.w.org\/{rel}","templated":true}]}}