{"id":16608,"date":"2017-09-05T14:30:21","date_gmt":"2017-09-05T12:30:21","guid":{"rendered":"http:\/\/shop.larus.ch.rubin.metanet.ch\/product\/lment-de-paroi-en-pierre\/"},"modified":"2026-04-16T03:21:22","modified_gmt":"2026-04-16T01:21:22","slug":"lment-de-paroi-en-pierre-4","status":"publish","type":"product","link":"https:\/\/shop.larus.ch\/fr\/product\/lment-de-paroi-en-pierre-4\/","title":{"rendered":"\u00e9l\u00e9ment de paroi en pierre"},"content":{"rendered":"<p>\u00e9l\u00e9ment de paroi en pierre<br \/>se composant de: <br \/>&#8211; 2x colonnes murales 190cm de long, 23cm de large, galvanis\u00e9 \u00e0 chaud<br \/>&#8211; 2x nattes \u00e0 doubles barre S 143cm, galvanis\u00e9 \u00e0 chaud<br \/>&#8211; 4x attaches universelles V2A, 1 kit = 4 pi\u00e8ces<br \/>&#8211; 16x entretoises, 23cm<\/p>\n","protected":false},"excerpt":{"rendered":"<p>\u00e9l\u00e9ment de paroi en pierre<br \/>se composant de: <br \/>&#8211; 2x colonnes murales 190cm de long, 23cm de large, galvanis\u00e9 \u00e0 chaud<br \/>&#8211; 2x nattes \u00e0 doubles barre S 143cm, galvanis\u00e9 \u00e0 chaud<br \/>&#8211; 4x attaches universelles V2A, 1 kit = 4 pi\u00e8ces<br \/>&#8211; 16x entretoises, 23cm<\/p>\n","protected":false},"featured_media":325868,"template":"","meta":[],"product_cat":[59091],"product_tag":[],"_links":{"self":[{"href":"https:\/\/shop.larus.ch\/fr\/wp-json\/wp\/v2\/product\/16608"}],"collection":[{"href":"https:\/\/shop.larus.ch\/fr\/wp-json\/wp\/v2\/product"}],"about":[{"href":"https:\/\/shop.larus.ch\/fr\/wp-json\/wp\/v2\/types\/product"}],"wp:featuredmedia":[{"embeddable":true,"href":"https:\/\/shop.larus.ch\/fr\/wp-json\/wp\/v2\/media\/325868"}],"wp:attachment":[{"href":"https:\/\/shop.larus.ch\/fr\/wp-json\/wp\/v2\/media?parent=16608"}],"wp:term":[{"taxonomy":"product_cat","embeddable":true,"href":"https:\/\/shop.larus.ch\/fr\/wp-json\/wp\/v2\/product_cat?post=16608"},{"taxonomy":"product_tag","embeddable":true,"href":"https:\/\/shop.larus.ch\/fr\/wp-json\/wp\/v2\/product_tag?post=16608"}],"curies":[{"name":"wp","href":"https:\/\/api.w.org\/{rel}","templated":true}]}}