{"id":16606,"date":"2017-09-05T14:30:20","date_gmt":"2017-09-05T12:30:20","guid":{"rendered":"http:\/\/shop.larus.ch.rubin.metanet.ch\/product\/lment-de-paroi-en-pierre\/"},"modified":"2026-04-16T03:16:18","modified_gmt":"2026-04-16T01:16:18","slug":"lment-de-paroi-en-pierre-2","status":"publish","type":"product","link":"https:\/\/shop.larus.ch\/fr\/product\/lment-de-paroi-en-pierre-2\/","title":{"rendered":"\u00e9l\u00e9ment de paroi en pierre"},"content":{"rendered":"<p>\u00e9l\u00e9ment de base paroi pierre<br \/>se composant de:<br \/>&#8211; 2x colonnes murales 150cm de long, 23cm de large, galvanis\u00e9 \u00e0 chaud<br \/>&#8211; 2x nattes a doubles barre S 103cm, galvanis\u00e9<br \/>&#8211; 3x attaches universelles V2A, 1 kit = 4 pi\u00e8ces<br \/>&#8211; 12 x entretoises, V 2 A, 23cm<\/p>\n","protected":false},"excerpt":{"rendered":"<p>\u00e9l\u00e9ment de base paroi pierre<br \/>se composant de:<br \/>&#8211; 2x colonnes murales 150cm de long, 23cm de large, galvanis\u00e9 \u00e0 chaud<br \/>&#8211; 2x nattes a doubles barre S 103cm, galvanis\u00e9<br \/>&#8211; 3x attaches universelles V2A, 1 kit = 4 pi\u00e8ces<br \/>&#8211; 12 x entretoises, V 2 A, 23cm<\/p>\n","protected":false},"featured_media":325386,"template":"","meta":[],"product_cat":[59091],"product_tag":[],"_links":{"self":[{"href":"https:\/\/shop.larus.ch\/fr\/wp-json\/wp\/v2\/product\/16606"}],"collection":[{"href":"https:\/\/shop.larus.ch\/fr\/wp-json\/wp\/v2\/product"}],"about":[{"href":"https:\/\/shop.larus.ch\/fr\/wp-json\/wp\/v2\/types\/product"}],"wp:featuredmedia":[{"embeddable":true,"href":"https:\/\/shop.larus.ch\/fr\/wp-json\/wp\/v2\/media\/325386"}],"wp:attachment":[{"href":"https:\/\/shop.larus.ch\/fr\/wp-json\/wp\/v2\/media?parent=16606"}],"wp:term":[{"taxonomy":"product_cat","embeddable":true,"href":"https:\/\/shop.larus.ch\/fr\/wp-json\/wp\/v2\/product_cat?post=16606"},{"taxonomy":"product_tag","embeddable":true,"href":"https:\/\/shop.larus.ch\/fr\/wp-json\/wp\/v2\/product_tag?post=16606"}],"curies":[{"name":"wp","href":"https:\/\/api.w.org\/{rel}","templated":true}]}}