{"id":16604,"date":"2017-09-05T14:30:20","date_gmt":"2017-09-05T12:30:20","guid":{"rendered":"http:\/\/shop.larus.ch.rubin.metanet.ch\/product\/planches-pare-vue-en-mlze\/"},"modified":"2026-04-19T03:05:55","modified_gmt":"2026-04-19T01:05:55","slug":"planches-pare-vue-en-mlze","status":"publish","type":"product","link":"https:\/\/shop.larus.ch\/fr\/product\/planches-pare-vue-en-mlze\/","title":{"rendered":"Planches pare-vue en m\u00e9l\u00e8ze"},"content":{"rendered":"<p>Planches pare-vue en m\u00e9l\u00e8ze, naturel<br \/>bross\u00e9s des deux c\u00f4t\u00e9s<\/p>\n","protected":false},"excerpt":{"rendered":"<p>Planches pare-vue en m\u00e9l\u00e8ze, naturel<br \/>bross\u00e9s des deux c\u00f4t\u00e9s<\/p>\n","protected":false},"featured_media":324890,"template":"","meta":[],"product_cat":[59087],"product_tag":[],"_links":{"self":[{"href":"https:\/\/shop.larus.ch\/fr\/wp-json\/wp\/v2\/product\/16604"}],"collection":[{"href":"https:\/\/shop.larus.ch\/fr\/wp-json\/wp\/v2\/product"}],"about":[{"href":"https:\/\/shop.larus.ch\/fr\/wp-json\/wp\/v2\/types\/product"}],"wp:featuredmedia":[{"embeddable":true,"href":"https:\/\/shop.larus.ch\/fr\/wp-json\/wp\/v2\/media\/324890"}],"wp:attachment":[{"href":"https:\/\/shop.larus.ch\/fr\/wp-json\/wp\/v2\/media?parent=16604"}],"wp:term":[{"taxonomy":"product_cat","embeddable":true,"href":"https:\/\/shop.larus.ch\/fr\/wp-json\/wp\/v2\/product_cat?post=16604"},{"taxonomy":"product_tag","embeddable":true,"href":"https:\/\/shop.larus.ch\/fr\/wp-json\/wp\/v2\/product_tag?post=16604"}],"curies":[{"name":"wp","href":"https:\/\/api.w.org\/{rel}","templated":true}]}}