{"id":16603,"date":"2017-09-05T14:30:20","date_gmt":"2017-09-05T12:30:20","guid":{"rendered":"http:\/\/shop.larus.ch.rubin.metanet.ch\/product\/planches-pare-vue-sci\/"},"modified":"2026-04-19T03:05:26","modified_gmt":"2026-04-19T01:05:26","slug":"planches-pare-vue-sci","status":"publish","type":"product","link":"https:\/\/shop.larus.ch\/fr\/product\/planches-pare-vue-sci\/","title":{"rendered":"Planches pare-vue sci\u00e9"},"content":{"rendered":"<p>Planches pare-vue<br \/>en sapin, sci\u00e9, pas feuillur\u00e9, impr\u00e9gn\u00e9 brun<\/p>\n","protected":false},"excerpt":{"rendered":"<p>Planches pare-vue<br \/>en sapin, sci\u00e9, pas feuillur\u00e9, impr\u00e9gn\u00e9 brun<\/p>\n","protected":false},"featured_media":322945,"template":"","meta":[],"product_cat":[59085],"product_tag":[],"_links":{"self":[{"href":"https:\/\/shop.larus.ch\/fr\/wp-json\/wp\/v2\/product\/16603"}],"collection":[{"href":"https:\/\/shop.larus.ch\/fr\/wp-json\/wp\/v2\/product"}],"about":[{"href":"https:\/\/shop.larus.ch\/fr\/wp-json\/wp\/v2\/types\/product"}],"wp:featuredmedia":[{"embeddable":true,"href":"https:\/\/shop.larus.ch\/fr\/wp-json\/wp\/v2\/media\/322945"}],"wp:attachment":[{"href":"https:\/\/shop.larus.ch\/fr\/wp-json\/wp\/v2\/media?parent=16603"}],"wp:term":[{"taxonomy":"product_cat","embeddable":true,"href":"https:\/\/shop.larus.ch\/fr\/wp-json\/wp\/v2\/product_cat?post=16603"},{"taxonomy":"product_tag","embeddable":true,"href":"https:\/\/shop.larus.ch\/fr\/wp-json\/wp\/v2\/product_tag?post=16603"}],"curies":[{"name":"wp","href":"https:\/\/api.w.org\/{rel}","templated":true}]}}