{"id":16583,"date":"2017-09-05T14:30:14","date_gmt":"2017-09-05T12:30:14","guid":{"rendered":"http:\/\/shop.larus.ch.rubin.metanet.ch\/product\/montants-panneau-pare-vue\/"},"modified":"2026-04-16T03:20:12","modified_gmt":"2026-04-16T01:20:12","slug":"montants-panneau-pare-vue-4","status":"publish","type":"product","link":"https:\/\/shop.larus.ch\/fr\/product\/montants-panneau-pare-vue-4\/","title":{"rendered":"Montants panneau pare-vue"},"content":{"rendered":"<p>Montants pour panneau pare-vue<br \/>en sapin, rabot\u00e9s, rainur\u00e9s des deux c\u00f4t\u00e9s, impr\u00e9gn\u00e9 brun<\/p>\n","protected":false},"excerpt":{"rendered":"<p>Montants pour panneau pare-vue<br \/>en sapin, rabot\u00e9s, rainur\u00e9s des deux c\u00f4t\u00e9s, impr\u00e9gn\u00e9 brun<\/p>\n","protected":false},"featured_media":325586,"template":"","meta":[],"product_cat":[59073],"product_tag":[],"_links":{"self":[{"href":"https:\/\/shop.larus.ch\/fr\/wp-json\/wp\/v2\/product\/16583"}],"collection":[{"href":"https:\/\/shop.larus.ch\/fr\/wp-json\/wp\/v2\/product"}],"about":[{"href":"https:\/\/shop.larus.ch\/fr\/wp-json\/wp\/v2\/types\/product"}],"wp:featuredmedia":[{"embeddable":true,"href":"https:\/\/shop.larus.ch\/fr\/wp-json\/wp\/v2\/media\/325586"}],"wp:attachment":[{"href":"https:\/\/shop.larus.ch\/fr\/wp-json\/wp\/v2\/media?parent=16583"}],"wp:term":[{"taxonomy":"product_cat","embeddable":true,"href":"https:\/\/shop.larus.ch\/fr\/wp-json\/wp\/v2\/product_cat?post=16583"},{"taxonomy":"product_tag","embeddable":true,"href":"https:\/\/shop.larus.ch\/fr\/wp-json\/wp\/v2\/product_tag?post=16583"}],"curies":[{"name":"wp","href":"https:\/\/api.w.org\/{rel}","templated":true}]}}