{"id":16579,"date":"2017-09-05T14:30:13","date_gmt":"2017-09-05T12:30:13","guid":{"rendered":"http:\/\/shop.larus.ch.rubin.metanet.ch\/product\/montants-pour-panneau-pare-vue-perage\/"},"modified":"2026-04-16T03:15:36","modified_gmt":"2026-04-16T01:15:36","slug":"montants-pour-panneau-pare-vue-perage-2","status":"publish","type":"product","link":"https:\/\/shop.larus.ch\/fr\/product\/montants-pour-panneau-pare-vue-perage-2\/","title":{"rendered":"Montants pour panneau pare-vue per\u00e7age"},"content":{"rendered":"<p>Montants pour panneau pare-vue<br \/>en acier U lamin\u00e9 \u00e0 froid, galvanis\u00e9 \u00e0 chaud, avec per\u00e7age<\/p>\n","protected":false},"excerpt":{"rendered":"<p>Montants pour panneau pare-vue<br \/>en acier U lamin\u00e9 \u00e0 froid, galvanis\u00e9 \u00e0 chaud, avec per\u00e7age<\/p>\n","protected":false},"featured_media":325240,"template":"","meta":[],"product_cat":[59071],"product_tag":[],"_links":{"self":[{"href":"https:\/\/shop.larus.ch\/fr\/wp-json\/wp\/v2\/product\/16579"}],"collection":[{"href":"https:\/\/shop.larus.ch\/fr\/wp-json\/wp\/v2\/product"}],"about":[{"href":"https:\/\/shop.larus.ch\/fr\/wp-json\/wp\/v2\/types\/product"}],"wp:featuredmedia":[{"embeddable":true,"href":"https:\/\/shop.larus.ch\/fr\/wp-json\/wp\/v2\/media\/325240"}],"wp:attachment":[{"href":"https:\/\/shop.larus.ch\/fr\/wp-json\/wp\/v2\/media?parent=16579"}],"wp:term":[{"taxonomy":"product_cat","embeddable":true,"href":"https:\/\/shop.larus.ch\/fr\/wp-json\/wp\/v2\/product_cat?post=16579"},{"taxonomy":"product_tag","embeddable":true,"href":"https:\/\/shop.larus.ch\/fr\/wp-json\/wp\/v2\/product_tag?post=16579"}],"curies":[{"name":"wp","href":"https:\/\/api.w.org\/{rel}","templated":true}]}}