{"id":16575,"date":"2017-09-05T14:30:12","date_gmt":"2017-09-05T12:30:12","guid":{"rendered":"http:\/\/shop.larus.ch.rubin.metanet.ch\/product\/lattes-verticales\/"},"modified":"2026-04-19T03:00:09","modified_gmt":"2026-04-19T01:00:09","slug":"lattes-verticales","status":"publish","type":"product","link":"https:\/\/shop.larus.ch\/fr\/product\/lattes-verticales\/","title":{"rendered":"Lattes verticales"},"content":{"rendered":"<p>Lattes verticales<br \/>pour le vissage des madriers,<br \/>rabot\u00e9, chanfrein\u00e9, impr\u00e9gn\u00e9 brun<\/p>\n","protected":false},"excerpt":{"rendered":"<p>Lattes verticales<br \/>pour le vissage des madriers,<br \/>rabot\u00e9, chanfrein\u00e9, impr\u00e9gn\u00e9 brun<\/p>\n","protected":false},"featured_media":0,"template":"","meta":[],"product_cat":[59069],"product_tag":[],"_links":{"self":[{"href":"https:\/\/shop.larus.ch\/fr\/wp-json\/wp\/v2\/product\/16575"}],"collection":[{"href":"https:\/\/shop.larus.ch\/fr\/wp-json\/wp\/v2\/product"}],"about":[{"href":"https:\/\/shop.larus.ch\/fr\/wp-json\/wp\/v2\/types\/product"}],"wp:attachment":[{"href":"https:\/\/shop.larus.ch\/fr\/wp-json\/wp\/v2\/media?parent=16575"}],"wp:term":[{"taxonomy":"product_cat","embeddable":true,"href":"https:\/\/shop.larus.ch\/fr\/wp-json\/wp\/v2\/product_cat?post=16575"},{"taxonomy":"product_tag","embeddable":true,"href":"https:\/\/shop.larus.ch\/fr\/wp-json\/wp\/v2\/product_tag?post=16575"}],"curies":[{"name":"wp","href":"https:\/\/api.w.org\/{rel}","templated":true}]}}