{"id":16574,"date":"2017-09-05T14:30:12","date_gmt":"2017-09-05T12:30:12","guid":{"rendered":"http:\/\/shop.larus.ch.rubin.metanet.ch\/product\/16574\/"},"modified":"2026-04-19T03:00:56","modified_gmt":"2026-04-19T01:00:56","slug":"16574","status":"publish","type":"product","link":"https:\/\/shop.larus.ch\/fr\/product\/16574\/","title":{"rendered":""},"content":{"rendered":"<p>Bandes de plaque en aluminium 3mm<br \/>\u00e9lox\u00e9, ar\u00eates de coupe brute, non perfor\u00e9<\/p>\n","protected":false},"excerpt":{"rendered":"<p>Bandes de plaque en aluminium 3mm<br \/>\u00e9lox\u00e9, ar\u00eates de coupe brute, non perfor\u00e9<\/p>\n","protected":false},"featured_media":0,"template":"","meta":[],"product_cat":[59069],"product_tag":[],"_links":{"self":[{"href":"https:\/\/shop.larus.ch\/fr\/wp-json\/wp\/v2\/product\/16574"}],"collection":[{"href":"https:\/\/shop.larus.ch\/fr\/wp-json\/wp\/v2\/product"}],"about":[{"href":"https:\/\/shop.larus.ch\/fr\/wp-json\/wp\/v2\/types\/product"}],"wp:attachment":[{"href":"https:\/\/shop.larus.ch\/fr\/wp-json\/wp\/v2\/media?parent=16574"}],"wp:term":[{"taxonomy":"product_cat","embeddable":true,"href":"https:\/\/shop.larus.ch\/fr\/wp-json\/wp\/v2\/product_cat?post=16574"},{"taxonomy":"product_tag","embeddable":true,"href":"https:\/\/shop.larus.ch\/fr\/wp-json\/wp\/v2\/product_tag?post=16574"}],"curies":[{"name":"wp","href":"https:\/\/api.w.org\/{rel}","templated":true}]}}