{"id":16573,"date":"2017-09-05T14:30:11","date_gmt":"2017-09-05T12:30:11","guid":{"rendered":"http:\/\/shop.larus.ch.rubin.metanet.ch\/product\/lattes-verticales-en-mlze\/"},"modified":"2026-04-19T03:05:27","modified_gmt":"2026-04-19T01:05:27","slug":"lattes-verticales-en-mlze","status":"publish","type":"product","link":"https:\/\/shop.larus.ch\/fr\/product\/lattes-verticales-en-mlze\/","title":{"rendered":"Lattes verticales en m\u00e9l\u00e8ze"},"content":{"rendered":"<p>Lattes verticales en m\u00e9l\u00e8ze<br \/>pour le vissage des madriers,<br \/>rabot\u00e9, chanfrein\u00e9, naturel, sans aubier<\/p>\n","protected":false},"excerpt":{"rendered":"<p>Lattes verticales en m\u00e9l\u00e8ze<br \/>pour le vissage des madriers,<br \/>rabot\u00e9, chanfrein\u00e9, naturel, sans aubier<\/p>\n","protected":false},"featured_media":0,"template":"","meta":[],"product_cat":[59069],"product_tag":[],"_links":{"self":[{"href":"https:\/\/shop.larus.ch\/fr\/wp-json\/wp\/v2\/product\/16573"}],"collection":[{"href":"https:\/\/shop.larus.ch\/fr\/wp-json\/wp\/v2\/product"}],"about":[{"href":"https:\/\/shop.larus.ch\/fr\/wp-json\/wp\/v2\/types\/product"}],"wp:attachment":[{"href":"https:\/\/shop.larus.ch\/fr\/wp-json\/wp\/v2\/media?parent=16573"}],"wp:term":[{"taxonomy":"product_cat","embeddable":true,"href":"https:\/\/shop.larus.ch\/fr\/wp-json\/wp\/v2\/product_cat?post=16573"},{"taxonomy":"product_tag","embeddable":true,"href":"https:\/\/shop.larus.ch\/fr\/wp-json\/wp\/v2\/product_tag?post=16573"}],"curies":[{"name":"wp","href":"https:\/\/api.w.org\/{rel}","templated":true}]}}