{"id":16571,"date":"2017-09-05T14:30:11","date_gmt":"2017-09-05T12:30:11","guid":{"rendered":"http:\/\/shop.larus.ch.rubin.metanet.ch\/product\/madriers-pour-panneau-pare-vue-avec-espaces-intermdiaires-en-mlze\/"},"modified":"2026-04-19T03:20:06","modified_gmt":"2026-04-19T01:20:06","slug":"madriers-pour-panneau-pare-vue-avec-espaces-intermdiaires-en-mlze-2","status":"publish","type":"product","link":"https:\/\/shop.larus.ch\/fr\/product\/madriers-pour-panneau-pare-vue-avec-espaces-intermdiaires-en-mlze-2\/","title":{"rendered":"Madriers pour panneau"},"content":{"rendered":"<p>Madriers pour pare-vue (avec espaces interm\u00e9diaires) m\u00e9l\u00e8ze naturel, rabot\u00e9s Rhombus 45\u00b0, tasseu d\u00b4 \u00e9cartement incl.<\/p>\n<p>Le bois va se r\u00e9tr\u00e9cir et peut se d\u00e9former. Pour  minimiser au moins 3 lames verticales sont install\u00e9s par \u00e9l\u00e9ment.<\/p>\n","protected":false},"excerpt":{"rendered":"<p>Madriers pour pare-vue (avec espaces interm\u00e9diaires) m\u00e9l\u00e8ze naturel, rabot\u00e9s Rhombus 45\u00b0, tasseu d\u00b4 \u00e9cartement incl.<\/p>\n<p>Le bois va se r\u00e9tr\u00e9cir et peut se d\u00e9former. Pour  minimiser au moins 3 lames verticales sont install\u00e9s par \u00e9l\u00e9ment.<\/p>\n","protected":false},"featured_media":323909,"template":"","meta":[],"product_cat":[59067],"product_tag":[],"_links":{"self":[{"href":"https:\/\/shop.larus.ch\/fr\/wp-json\/wp\/v2\/product\/16571"}],"collection":[{"href":"https:\/\/shop.larus.ch\/fr\/wp-json\/wp\/v2\/product"}],"about":[{"href":"https:\/\/shop.larus.ch\/fr\/wp-json\/wp\/v2\/types\/product"}],"wp:featuredmedia":[{"embeddable":true,"href":"https:\/\/shop.larus.ch\/fr\/wp-json\/wp\/v2\/media\/323909"}],"wp:attachment":[{"href":"https:\/\/shop.larus.ch\/fr\/wp-json\/wp\/v2\/media?parent=16571"}],"wp:term":[{"taxonomy":"product_cat","embeddable":true,"href":"https:\/\/shop.larus.ch\/fr\/wp-json\/wp\/v2\/product_cat?post=16571"},{"taxonomy":"product_tag","embeddable":true,"href":"https:\/\/shop.larus.ch\/fr\/wp-json\/wp\/v2\/product_tag?post=16571"}],"curies":[{"name":"wp","href":"https:\/\/api.w.org\/{rel}","templated":true}]}}