{"id":16570,"date":"2017-09-05T14:30:10","date_gmt":"2017-09-05T12:30:10","guid":{"rendered":"http:\/\/shop.larus.ch.rubin.metanet.ch\/product\/madriers-ferme\/"},"modified":"2026-04-16T03:06:47","modified_gmt":"2026-04-16T01:06:47","slug":"madriers-ferme","status":"publish","type":"product","link":"https:\/\/shop.larus.ch\/fr\/product\/madriers-ferme\/","title":{"rendered":"Madriers ferm\u00e9e"},"content":{"rendered":"<p>Madriers pour panneau pare-vue (ferm\u00e9e) inclin\u00e9<br \/>rabot\u00e9, brun impr\u00e9gn\u00e9, (hauteur de vue 125 mm)<\/p>\n<p>Le bois va se r\u00e9tr\u00e9cir et peut se d\u00e9former.<br \/>Pour  minimiser ce probl\u00e8me au moins 3 lames verticales sont install\u00e9s par \u00e9l\u00e9ment.<\/p>\n","protected":false},"excerpt":{"rendered":"<p>Madriers pour panneau pare-vue (ferm\u00e9e) inclin\u00e9<br \/>rabot\u00e9, brun impr\u00e9gn\u00e9, (hauteur de vue 125 mm)<\/p>\n<p>Le bois va se r\u00e9tr\u00e9cir et peut se d\u00e9former.<br \/>Pour  minimiser ce probl\u00e8me au moins 3 lames verticales sont install\u00e9s par \u00e9l\u00e9ment.<\/p>\n","protected":false},"featured_media":326594,"template":"","meta":[],"product_cat":[59067],"product_tag":[],"_links":{"self":[{"href":"https:\/\/shop.larus.ch\/fr\/wp-json\/wp\/v2\/product\/16570"}],"collection":[{"href":"https:\/\/shop.larus.ch\/fr\/wp-json\/wp\/v2\/product"}],"about":[{"href":"https:\/\/shop.larus.ch\/fr\/wp-json\/wp\/v2\/types\/product"}],"wp:featuredmedia":[{"embeddable":true,"href":"https:\/\/shop.larus.ch\/fr\/wp-json\/wp\/v2\/media\/326594"}],"wp:attachment":[{"href":"https:\/\/shop.larus.ch\/fr\/wp-json\/wp\/v2\/media?parent=16570"}],"wp:term":[{"taxonomy":"product_cat","embeddable":true,"href":"https:\/\/shop.larus.ch\/fr\/wp-json\/wp\/v2\/product_cat?post=16570"},{"taxonomy":"product_tag","embeddable":true,"href":"https:\/\/shop.larus.ch\/fr\/wp-json\/wp\/v2\/product_tag?post=16570"}],"curies":[{"name":"wp","href":"https:\/\/api.w.org\/{rel}","templated":true}]}}