{"id":16569,"date":"2017-09-05T14:30:10","date_gmt":"2017-09-05T12:30:10","guid":{"rendered":"http:\/\/shop.larus.ch.rubin.metanet.ch\/product\/madriers-espaces-intermed\/"},"modified":"2026-04-16T03:06:16","modified_gmt":"2026-04-16T01:06:16","slug":"madriers-espaces-intermed-2","status":"publish","type":"product","link":"https:\/\/shop.larus.ch\/fr\/product\/madriers-espaces-intermed-2\/","title":{"rendered":"Madriers espaces intermed."},"content":{"rendered":"<p>Madriers pour panneau pare-vue (avec espaces interm\u00e9diaires) rabot\u00e9s Rhombus 45\u00b0, impr\u00e9gn\u00e9 brun<br \/>tasseu d\u00b4 \u00e9cartement incl.<\/p>\n<p>Le bois va se r\u00e9tr\u00e9cir et peut se d\u00e9former. Pour  minimiser au moins 3 lames verticales sont install\u00e9s par \u00e9l\u00e9ment.<\/p>\n","protected":false},"excerpt":{"rendered":"<p>Madriers pour panneau pare-vue (avec espaces interm\u00e9diaires) rabot\u00e9s Rhombus 45\u00b0, impr\u00e9gn\u00e9 brun<br \/>tasseu d\u00b4 \u00e9cartement incl.<\/p>\n<p>Le bois va se r\u00e9tr\u00e9cir et peut se d\u00e9former. Pour  minimiser au moins 3 lames verticales sont install\u00e9s par \u00e9l\u00e9ment.<\/p>\n","protected":false},"featured_media":324093,"template":"","meta":[],"product_cat":[59067],"product_tag":[],"_links":{"self":[{"href":"https:\/\/shop.larus.ch\/fr\/wp-json\/wp\/v2\/product\/16569"}],"collection":[{"href":"https:\/\/shop.larus.ch\/fr\/wp-json\/wp\/v2\/product"}],"about":[{"href":"https:\/\/shop.larus.ch\/fr\/wp-json\/wp\/v2\/types\/product"}],"wp:featuredmedia":[{"embeddable":true,"href":"https:\/\/shop.larus.ch\/fr\/wp-json\/wp\/v2\/media\/324093"}],"wp:attachment":[{"href":"https:\/\/shop.larus.ch\/fr\/wp-json\/wp\/v2\/media?parent=16569"}],"wp:term":[{"taxonomy":"product_cat","embeddable":true,"href":"https:\/\/shop.larus.ch\/fr\/wp-json\/wp\/v2\/product_cat?post=16569"},{"taxonomy":"product_tag","embeddable":true,"href":"https:\/\/shop.larus.ch\/fr\/wp-json\/wp\/v2\/product_tag?post=16569"}],"curies":[{"name":"wp","href":"https:\/\/api.w.org\/{rel}","templated":true}]}}