{"id":16558,"date":"2017-09-05T14:30:07","date_gmt":"2017-09-05T12:30:07","guid":{"rendered":"http:\/\/shop.larus.ch.rubin.metanet.ch\/product\/montant-t-en-acier\/"},"modified":"2026-04-16T03:15:16","modified_gmt":"2026-04-16T01:15:16","slug":"montant-t-en-acier-3","status":"publish","type":"product","link":"https:\/\/shop.larus.ch\/fr\/product\/montant-t-en-acier-3\/","title":{"rendered":"Montant T en acier"},"content":{"rendered":"<p>Montant T en acier,  galvanis\u00e9 \u00e0 chaud, rev\u00eatu blanc<\/p>\n","protected":false},"excerpt":{"rendered":"<p>Montant T en acier,  galvanis\u00e9 \u00e0 chaud, rev\u00eatu blanc<\/p>\n","protected":false},"featured_media":325154,"template":"","meta":[],"product_cat":[],"product_tag":[],"_links":{"self":[{"href":"https:\/\/shop.larus.ch\/fr\/wp-json\/wp\/v2\/product\/16558"}],"collection":[{"href":"https:\/\/shop.larus.ch\/fr\/wp-json\/wp\/v2\/product"}],"about":[{"href":"https:\/\/shop.larus.ch\/fr\/wp-json\/wp\/v2\/types\/product"}],"wp:featuredmedia":[{"embeddable":true,"href":"https:\/\/shop.larus.ch\/fr\/wp-json\/wp\/v2\/media\/325154"}],"wp:attachment":[{"href":"https:\/\/shop.larus.ch\/fr\/wp-json\/wp\/v2\/media?parent=16558"}],"wp:term":[{"taxonomy":"product_cat","embeddable":true,"href":"https:\/\/shop.larus.ch\/fr\/wp-json\/wp\/v2\/product_cat?post=16558"},{"taxonomy":"product_tag","embeddable":true,"href":"https:\/\/shop.larus.ch\/fr\/wp-json\/wp\/v2\/product_tag?post=16558"}],"curies":[{"name":"wp","href":"https:\/\/api.w.org\/{rel}","templated":true}]}}