{"id":16488,"date":"2017-09-05T14:29:47","date_gmt":"2017-09-05T12:29:47","guid":{"rendered":"http:\/\/shop.larus.ch.rubin.metanet.ch\/product\/serrure\/"},"modified":"2026-04-19T03:10:20","modified_gmt":"2026-04-19T01:10:20","slug":"serrure","status":"publish","type":"product","link":"https:\/\/shop.larus.ch\/fr\/product\/serrure\/","title":{"rendered":"Serrure"},"content":{"rendered":"<p>Serrure<br \/>adaptable \u00e0 la porte pare-vue,<br \/>pour un actionnement int\u00e9rieur et ext\u00e9rieur, galvanis\u00e9e jaune<\/p>\n","protected":false},"excerpt":{"rendered":"<p>Serrure<br \/>adaptable \u00e0 la porte pare-vue,<br \/>pour un actionnement int\u00e9rieur et ext\u00e9rieur, galvanis\u00e9e jaune<\/p>\n","protected":false},"featured_media":323259,"template":"","meta":[],"product_cat":[59299],"product_tag":[],"_links":{"self":[{"href":"https:\/\/shop.larus.ch\/fr\/wp-json\/wp\/v2\/product\/16488"}],"collection":[{"href":"https:\/\/shop.larus.ch\/fr\/wp-json\/wp\/v2\/product"}],"about":[{"href":"https:\/\/shop.larus.ch\/fr\/wp-json\/wp\/v2\/types\/product"}],"wp:featuredmedia":[{"embeddable":true,"href":"https:\/\/shop.larus.ch\/fr\/wp-json\/wp\/v2\/media\/323259"}],"wp:attachment":[{"href":"https:\/\/shop.larus.ch\/fr\/wp-json\/wp\/v2\/media?parent=16488"}],"wp:term":[{"taxonomy":"product_cat","embeddable":true,"href":"https:\/\/shop.larus.ch\/fr\/wp-json\/wp\/v2\/product_cat?post=16488"},{"taxonomy":"product_tag","embeddable":true,"href":"https:\/\/shop.larus.ch\/fr\/wp-json\/wp\/v2\/product_tag?post=16488"}],"curies":[{"name":"wp","href":"https:\/\/api.w.org\/{rel}","templated":true}]}}