{"id":16444,"date":"2017-09-05T14:29:35","date_gmt":"2017-09-05T12:29:35","guid":{"rendered":"http:\/\/shop.larus.ch.rubin.metanet.ch\/product\/clture-country\/"},"modified":"2026-04-19T03:16:07","modified_gmt":"2026-04-19T01:16:07","slug":"clture-country-2","status":"publish","type":"product","link":"https:\/\/shop.larus.ch\/fr\/product\/clture-country-2\/","title":{"rendered":"Pare-vue Country"},"content":{"rendered":"<p>Pare-vue Country<br \/>madriers non trait\u00e9e avec rabane et<br \/>r\u00e9sidus d\u00b4 \u00e9corce, \u00e9paisseur 18 mm, mont\u00e9s sur les deux c\u00f4t\u00e9s, face visible viss\u00e9 avec des vis en acier inoxydable<\/p>\n","protected":false},"excerpt":{"rendered":"<p>Pare-vue Country<br \/>madriers non trait\u00e9e avec rabane et<br \/>r\u00e9sidus d\u00b4 \u00e9corce, \u00e9paisseur 18 mm, mont\u00e9s sur les deux c\u00f4t\u00e9s, face visible viss\u00e9 avec des vis en acier inoxydable<\/p>\n","protected":false},"featured_media":323763,"template":"","meta":[],"product_cat":[58995],"product_tag":[],"_links":{"self":[{"href":"https:\/\/shop.larus.ch\/fr\/wp-json\/wp\/v2\/product\/16444"}],"collection":[{"href":"https:\/\/shop.larus.ch\/fr\/wp-json\/wp\/v2\/product"}],"about":[{"href":"https:\/\/shop.larus.ch\/fr\/wp-json\/wp\/v2\/types\/product"}],"wp:featuredmedia":[{"embeddable":true,"href":"https:\/\/shop.larus.ch\/fr\/wp-json\/wp\/v2\/media\/323763"}],"wp:attachment":[{"href":"https:\/\/shop.larus.ch\/fr\/wp-json\/wp\/v2\/media?parent=16444"}],"wp:term":[{"taxonomy":"product_cat","embeddable":true,"href":"https:\/\/shop.larus.ch\/fr\/wp-json\/wp\/v2\/product_cat?post=16444"},{"taxonomy":"product_tag","embeddable":true,"href":"https:\/\/shop.larus.ch\/fr\/wp-json\/wp\/v2\/product_tag?post=16444"}],"curies":[{"name":"wp","href":"https:\/\/api.w.org\/{rel}","templated":true}]}}