{"id":16441,"date":"2017-09-05T14:29:35","date_gmt":"2017-09-05T12:29:35","guid":{"rendered":"http:\/\/shop.larus.ch.rubin.metanet.ch\/product\/clture-en-noisette\/"},"modified":"2026-04-16T03:10:49","modified_gmt":"2026-04-16T01:10:49","slug":"clture-en-noisette","status":"publish","type":"product","link":"https:\/\/shop.larus.ch\/fr\/product\/clture-en-noisette\/","title":{"rendered":"Cl\u00f4ture en noisette"},"content":{"rendered":"<p>Cl\u00f4ture en noisette R\u00fcgen<br \/>tiges de noisetier \u00d8 1-3 cm, tiges lat\u00e9rales \u00d8 3-4 cm, tress\u00e9, naturel<\/p>\n","protected":false},"excerpt":{"rendered":"<p>Cl\u00f4ture en noisette R\u00fcgen<br \/>tiges de noisetier \u00d8 1-3 cm, tiges lat\u00e9rales \u00d8 3-4 cm, tress\u00e9, naturel<\/p>\n","protected":false},"featured_media":322975,"template":"","meta":[],"product_cat":[58991],"product_tag":[],"_links":{"self":[{"href":"https:\/\/shop.larus.ch\/fr\/wp-json\/wp\/v2\/product\/16441"}],"collection":[{"href":"https:\/\/shop.larus.ch\/fr\/wp-json\/wp\/v2\/product"}],"about":[{"href":"https:\/\/shop.larus.ch\/fr\/wp-json\/wp\/v2\/types\/product"}],"wp:featuredmedia":[{"embeddable":true,"href":"https:\/\/shop.larus.ch\/fr\/wp-json\/wp\/v2\/media\/322975"}],"wp:attachment":[{"href":"https:\/\/shop.larus.ch\/fr\/wp-json\/wp\/v2\/media?parent=16441"}],"wp:term":[{"taxonomy":"product_cat","embeddable":true,"href":"https:\/\/shop.larus.ch\/fr\/wp-json\/wp\/v2\/product_cat?post=16441"},{"taxonomy":"product_tag","embeddable":true,"href":"https:\/\/shop.larus.ch\/fr\/wp-json\/wp\/v2\/product_tag?post=16441"}],"curies":[{"name":"wp","href":"https:\/\/api.w.org\/{rel}","templated":true}]}}