{"id":16433,"date":"2017-09-05T14:29:33","date_gmt":"2017-09-05T12:29:33","guid":{"rendered":"http:\/\/shop.larus.ch.rubin.metanet.ch\/product\/panneau-bambus-lment-connexion\/"},"modified":"2026-04-16T03:15:34","modified_gmt":"2026-04-16T01:15:34","slug":"panneau-bambus-lment-connexion-2","status":"publish","type":"product","link":"https:\/\/shop.larus.ch\/fr\/product\/panneau-bambus-lment-connexion-2\/","title":{"rendered":"Panneau Bambus \u00e9l\u00e9ment connexion"},"content":{"rendered":"<p>Panneau Bambus \u00e9l\u00e9ment connexion<br \/>bambou \u00d85.5-7.0cm incl. 1 poteaux connexion 7.5&#215;7.5xL230cm galvanis\u00e9, r\u00eavetement des poteaux et barre de recouvrement en acier inoxydable<\/p>\n","protected":false},"excerpt":{"rendered":"<p>Panneau Bambus \u00e9l\u00e9ment connexion<br \/>bambou \u00d85.5-7.0cm incl. 1 poteaux connexion 7.5&#215;7.5xL230cm galvanis\u00e9, r\u00eavetement des poteaux et barre de recouvrement en acier inoxydable<\/p>\n","protected":false},"featured_media":326708,"template":"","meta":[],"product_cat":[58989],"product_tag":[],"_links":{"self":[{"href":"https:\/\/shop.larus.ch\/fr\/wp-json\/wp\/v2\/product\/16433"}],"collection":[{"href":"https:\/\/shop.larus.ch\/fr\/wp-json\/wp\/v2\/product"}],"about":[{"href":"https:\/\/shop.larus.ch\/fr\/wp-json\/wp\/v2\/types\/product"}],"wp:featuredmedia":[{"embeddable":true,"href":"https:\/\/shop.larus.ch\/fr\/wp-json\/wp\/v2\/media\/326708"}],"wp:attachment":[{"href":"https:\/\/shop.larus.ch\/fr\/wp-json\/wp\/v2\/media?parent=16433"}],"wp:term":[{"taxonomy":"product_cat","embeddable":true,"href":"https:\/\/shop.larus.ch\/fr\/wp-json\/wp\/v2\/product_cat?post=16433"},{"taxonomy":"product_tag","embeddable":true,"href":"https:\/\/shop.larus.ch\/fr\/wp-json\/wp\/v2\/product_tag?post=16433"}],"curies":[{"name":"wp","href":"https:\/\/api.w.org\/{rel}","templated":true}]}}