{"id":16409,"date":"2017-09-05T14:29:26","date_gmt":"2017-09-05T12:29:26","guid":{"rendered":"http:\/\/shop.larus.ch.rubin.metanet.ch\/product\/ancre-bton-h\/"},"modified":"2026-04-19T03:11:24","modified_gmt":"2026-04-19T01:11:24","slug":"ancre-bton-h","status":"publish","type":"product","link":"https:\/\/shop.larus.ch\/fr\/product\/ancre-bton-h\/","title":{"rendered":"Ancre \u00e0 b\u00e9ton H"},"content":{"rendered":"<p>Ancre \u00e0 b\u00e9ton forme \u00b4 H\u00b4  <br \/>epaisseur 5.6 mm<br \/>galvanis\u00e9 \u00e0 chaud, sans vis <br \/>pour poteaux 9\/9 cm<\/p>\n","protected":false},"excerpt":{"rendered":"<p>Ancre \u00e0 b\u00e9ton forme \u00b4 H\u00b4  <br \/>epaisseur 5.6 mm<br \/>galvanis\u00e9 \u00e0 chaud, sans vis <br \/>pour poteaux 9\/9 cm<\/p>\n","protected":false},"featured_media":323485,"template":"","meta":[],"product_cat":[59295,59491],"product_tag":[],"_links":{"self":[{"href":"https:\/\/shop.larus.ch\/fr\/wp-json\/wp\/v2\/product\/16409"}],"collection":[{"href":"https:\/\/shop.larus.ch\/fr\/wp-json\/wp\/v2\/product"}],"about":[{"href":"https:\/\/shop.larus.ch\/fr\/wp-json\/wp\/v2\/types\/product"}],"wp:featuredmedia":[{"embeddable":true,"href":"https:\/\/shop.larus.ch\/fr\/wp-json\/wp\/v2\/media\/323485"}],"wp:attachment":[{"href":"https:\/\/shop.larus.ch\/fr\/wp-json\/wp\/v2\/media?parent=16409"}],"wp:term":[{"taxonomy":"product_cat","embeddable":true,"href":"https:\/\/shop.larus.ch\/fr\/wp-json\/wp\/v2\/product_cat?post=16409"},{"taxonomy":"product_tag","embeddable":true,"href":"https:\/\/shop.larus.ch\/fr\/wp-json\/wp\/v2\/product_tag?post=16409"}],"curies":[{"name":"wp","href":"https:\/\/api.w.org\/{rel}","templated":true}]}}