{"id":16397,"date":"2017-09-05T14:29:24","date_gmt":"2017-09-05T12:29:24","guid":{"rendered":"http:\/\/shop.larus.ch.rubin.metanet.ch\/product\/ancr-bton-h\/"},"modified":"2026-04-16T03:15:25","modified_gmt":"2026-04-16T01:15:25","slug":"ancr-bton-h","status":"publish","type":"product","link":"https:\/\/shop.larus.ch\/fr\/product\/ancr-bton-h\/","title":{"rendered":"Ancr\u00e9 \u00e0 b\u00e9ton H"},"content":{"rendered":"<p>Ancre \u00e0 b\u00e9ton forme \u00b4 H\u00b4  <br \/>Epaissuer 5.6 mm<br \/>galvanis\u00e9 \u00e0 chaud, sans vis <br \/>pour poteaux 7\/7 cm<\/p>\n","protected":false},"excerpt":{"rendered":"<p>Ancre \u00e0 b\u00e9ton forme \u00b4 H\u00b4  <br \/>Epaissuer 5.6 mm<br \/>galvanis\u00e9 \u00e0 chaud, sans vis <br \/>pour poteaux 7\/7 cm<\/p>\n","protected":false},"featured_media":326684,"template":"","meta":[],"product_cat":[59293],"product_tag":[],"_links":{"self":[{"href":"https:\/\/shop.larus.ch\/fr\/wp-json\/wp\/v2\/product\/16397"}],"collection":[{"href":"https:\/\/shop.larus.ch\/fr\/wp-json\/wp\/v2\/product"}],"about":[{"href":"https:\/\/shop.larus.ch\/fr\/wp-json\/wp\/v2\/types\/product"}],"wp:featuredmedia":[{"embeddable":true,"href":"https:\/\/shop.larus.ch\/fr\/wp-json\/wp\/v2\/media\/326684"}],"wp:attachment":[{"href":"https:\/\/shop.larus.ch\/fr\/wp-json\/wp\/v2\/media?parent=16397"}],"wp:term":[{"taxonomy":"product_cat","embeddable":true,"href":"https:\/\/shop.larus.ch\/fr\/wp-json\/wp\/v2\/product_cat?post=16397"},{"taxonomy":"product_tag","embeddable":true,"href":"https:\/\/shop.larus.ch\/fr\/wp-json\/wp\/v2\/product_tag?post=16397"}],"curies":[{"name":"wp","href":"https:\/\/api.w.org\/{rel}","templated":true}]}}