{"id":16396,"date":"2017-09-05T14:29:23","date_gmt":"2017-09-05T12:29:23","guid":{"rendered":"http:\/\/shop.larus.ch.rubin.metanet.ch\/product\/protections-dcoratives-pyramide\/"},"modified":"2026-04-21T03:05:05","modified_gmt":"2026-04-21T01:05:05","slug":"protections-dcoratives-pyramide-2","status":"publish","type":"product","link":"https:\/\/shop.larus.ch\/fr\/product\/protections-dcoratives-pyramide-2\/","title":{"rendered":"Protections d\u00e9coratives Pyramide"},"content":{"rendered":"<p>Protections d\u00e9coratives Pyramide pour poteaux 90 x 90 mm, galvanis\u00e9<\/p>\n","protected":false},"excerpt":{"rendered":"<p>Protections d\u00e9coratives Pyramide pour poteaux 90 x 90 mm, galvanis\u00e9<\/p>\n","protected":false},"featured_media":324662,"template":"","meta":[],"product_cat":[59285],"product_tag":[],"_links":{"self":[{"href":"https:\/\/shop.larus.ch\/fr\/wp-json\/wp\/v2\/product\/16396"}],"collection":[{"href":"https:\/\/shop.larus.ch\/fr\/wp-json\/wp\/v2\/product"}],"about":[{"href":"https:\/\/shop.larus.ch\/fr\/wp-json\/wp\/v2\/types\/product"}],"wp:featuredmedia":[{"embeddable":true,"href":"https:\/\/shop.larus.ch\/fr\/wp-json\/wp\/v2\/media\/324662"}],"wp:attachment":[{"href":"https:\/\/shop.larus.ch\/fr\/wp-json\/wp\/v2\/media?parent=16396"}],"wp:term":[{"taxonomy":"product_cat","embeddable":true,"href":"https:\/\/shop.larus.ch\/fr\/wp-json\/wp\/v2\/product_cat?post=16396"},{"taxonomy":"product_tag","embeddable":true,"href":"https:\/\/shop.larus.ch\/fr\/wp-json\/wp\/v2\/product_tag?post=16396"}],"curies":[{"name":"wp","href":"https:\/\/api.w.org\/{rel}","templated":true}]}}