{"id":16395,"date":"2017-09-05T14:29:23","date_gmt":"2017-09-05T12:29:23","guid":{"rendered":"http:\/\/shop.larus.ch.rubin.metanet.ch\/product\/supports-pour-cltures\/"},"modified":"2026-04-19T03:00:13","modified_gmt":"2026-04-19T01:00:13","slug":"supports-pour-cltures-2","status":"publish","type":"product","link":"https:\/\/shop.larus.ch\/fr\/product\/supports-pour-cltures-2\/","title":{"rendered":"Supports pour cl\u00f4tures"},"content":{"rendered":"<p>Supports pour cl\u00f4tures et cl\u00f4tures treillis<br \/>avec boulons<br \/>4 pi\u00e8ces\/carton<\/p>\n","protected":false},"excerpt":{"rendered":"<p>Supports pour cl\u00f4tures et cl\u00f4tures treillis<br \/>avec boulons<br \/>4 pi\u00e8ces\/carton<\/p>\n","protected":false},"featured_media":323943,"template":"","meta":[],"product_cat":[59297],"product_tag":[],"_links":{"self":[{"href":"https:\/\/shop.larus.ch\/fr\/wp-json\/wp\/v2\/product\/16395"}],"collection":[{"href":"https:\/\/shop.larus.ch\/fr\/wp-json\/wp\/v2\/product"}],"about":[{"href":"https:\/\/shop.larus.ch\/fr\/wp-json\/wp\/v2\/types\/product"}],"wp:featuredmedia":[{"embeddable":true,"href":"https:\/\/shop.larus.ch\/fr\/wp-json\/wp\/v2\/media\/323943"}],"wp:attachment":[{"href":"https:\/\/shop.larus.ch\/fr\/wp-json\/wp\/v2\/media?parent=16395"}],"wp:term":[{"taxonomy":"product_cat","embeddable":true,"href":"https:\/\/shop.larus.ch\/fr\/wp-json\/wp\/v2\/product_cat?post=16395"},{"taxonomy":"product_tag","embeddable":true,"href":"https:\/\/shop.larus.ch\/fr\/wp-json\/wp\/v2\/product_tag?post=16395"}],"curies":[{"name":"wp","href":"https:\/\/api.w.org\/{rel}","templated":true}]}}