{"id":108491,"date":"2018-06-12T07:19:51","date_gmt":"2018-06-12T05:19:51","guid":{"rendered":"https:\/\/shop.larus.ch\/product\/bac-potager-mlze\/"},"modified":"2026-04-16T03:20:31","modified_gmt":"2026-04-16T01:20:31","slug":"bac-potager-mlze","status":"publish","type":"product","link":"https:\/\/shop.larus.ch\/fr\/product\/bac-potager-mlze\/","title":{"rendered":"Bac potager m\u00e9l\u00e8ze"},"content":{"rendered":"<p>Bac potager en m\u00e9l\u00e8ze naturel, sans aubier<br \/>planches 100\/26 mm rabot\u00e9es, bois \u00e9quarris 70\/70 mm rabot\u00e9, tapis en ronce et grillage contre les campagnols incl., spax inoxydable<br \/>kit, livr\u00e9 d\u00e9mont\u00e9<\/p>\n","protected":false},"excerpt":{"rendered":"<p>Bac potager en m\u00e9l\u00e8ze naturel, sans aubier<br \/>planches 100\/26 mm rabot\u00e9es, bois \u00e9quarris 70\/70 mm rabot\u00e9, tapis en ronce et grillage contre les campagnols incl., spax inoxydable<br \/>kit, livr\u00e9 d\u00e9mont\u00e9<\/p>\n","protected":false},"featured_media":323643,"template":"","meta":[],"product_cat":[59429],"product_tag":[],"_links":{"self":[{"href":"https:\/\/shop.larus.ch\/fr\/wp-json\/wp\/v2\/product\/108491"}],"collection":[{"href":"https:\/\/shop.larus.ch\/fr\/wp-json\/wp\/v2\/product"}],"about":[{"href":"https:\/\/shop.larus.ch\/fr\/wp-json\/wp\/v2\/types\/product"}],"wp:featuredmedia":[{"embeddable":true,"href":"https:\/\/shop.larus.ch\/fr\/wp-json\/wp\/v2\/media\/323643"}],"wp:attachment":[{"href":"https:\/\/shop.larus.ch\/fr\/wp-json\/wp\/v2\/media?parent=108491"}],"wp:term":[{"taxonomy":"product_cat","embeddable":true,"href":"https:\/\/shop.larus.ch\/fr\/wp-json\/wp\/v2\/product_cat?post=108491"},{"taxonomy":"product_tag","embeddable":true,"href":"https:\/\/shop.larus.ch\/fr\/wp-json\/wp\/v2\/product_tag?post=108491"}],"curies":[{"name":"wp","href":"https:\/\/api.w.org\/{rel}","templated":true}]}}