{"id":108477,"date":"2018-06-12T06:04:23","date_gmt":"2018-06-12T04:04:23","guid":{"rendered":"https:\/\/shop.larus.ch\/product\/collier-crochet-60mm-galvanis\/"},"modified":"2026-04-16T03:16:22","modified_gmt":"2026-04-16T01:16:22","slug":"collier-crochet-60mm-galvanis","status":"publish","type":"product","link":"https:\/\/shop.larus.ch\/fr\/product\/collier-crochet-60mm-galvanis\/","title":{"rendered":"Collier \u00e0 crochet 60mm galvanis\u00e9"},"content":{"rendered":"<p>Collier \u00e0 crochet pour barres de tension<br \/>60mm galvanis\u00e9<br \/>2 pces\/sachet<\/p>\n","protected":false},"excerpt":{"rendered":"<p>Collier \u00e0 crochet pour barres de tension<br \/>60mm galvanis\u00e9<br \/>2 pces\/sachet<\/p>\n","protected":false},"featured_media":325402,"template":"","meta":[],"product_cat":[59257],"product_tag":[],"_links":{"self":[{"href":"https:\/\/shop.larus.ch\/fr\/wp-json\/wp\/v2\/product\/108477"}],"collection":[{"href":"https:\/\/shop.larus.ch\/fr\/wp-json\/wp\/v2\/product"}],"about":[{"href":"https:\/\/shop.larus.ch\/fr\/wp-json\/wp\/v2\/types\/product"}],"wp:featuredmedia":[{"embeddable":true,"href":"https:\/\/shop.larus.ch\/fr\/wp-json\/wp\/v2\/media\/325402"}],"wp:attachment":[{"href":"https:\/\/shop.larus.ch\/fr\/wp-json\/wp\/v2\/media?parent=108477"}],"wp:term":[{"taxonomy":"product_cat","embeddable":true,"href":"https:\/\/shop.larus.ch\/fr\/wp-json\/wp\/v2\/product_cat?post=108477"},{"taxonomy":"product_tag","embeddable":true,"href":"https:\/\/shop.larus.ch\/fr\/wp-json\/wp\/v2\/product_tag?post=108477"}],"curies":[{"name":"wp","href":"https:\/\/api.w.org\/{rel}","templated":true}]}}