{"id":108367,"date":"2018-06-12T05:50:47","date_gmt":"2018-06-12T03:50:47","guid":{"rendered":"https:\/\/shop.larus.ch\/product\/pied-de-montage-pour-tais-40-mm\/"},"modified":"2026-04-16T03:20:14","modified_gmt":"2026-04-16T01:20:14","slug":"pied-de-montage-pour-tais-40-mm","status":"publish","type":"product","link":"https:\/\/shop.larus.ch\/fr\/product\/pied-de-montage-pour-tais-40-mm\/","title":{"rendered":"Pied de montage pour \u00e9tais 40 mm"},"content":{"rendered":"<p>Pied de montage pour \u00e9tais 40 mm<br \/>\u00e0 cheviller, galvanis\u00e9 \u00e0 chaud<br \/>incl. vis et \u00e9crous<\/p>\n","protected":false},"excerpt":{"rendered":"<p>Pied de montage pour \u00e9tais 40 mm<br \/>\u00e0 cheviller, galvanis\u00e9 \u00e0 chaud<br \/>incl. vis et \u00e9crous<\/p>\n","protected":false},"featured_media":325594,"template":"","meta":[],"product_cat":[59251],"product_tag":[],"_links":{"self":[{"href":"https:\/\/shop.larus.ch\/fr\/wp-json\/wp\/v2\/product\/108367"}],"collection":[{"href":"https:\/\/shop.larus.ch\/fr\/wp-json\/wp\/v2\/product"}],"about":[{"href":"https:\/\/shop.larus.ch\/fr\/wp-json\/wp\/v2\/types\/product"}],"wp:featuredmedia":[{"embeddable":true,"href":"https:\/\/shop.larus.ch\/fr\/wp-json\/wp\/v2\/media\/325594"}],"wp:attachment":[{"href":"https:\/\/shop.larus.ch\/fr\/wp-json\/wp\/v2\/media?parent=108367"}],"wp:term":[{"taxonomy":"product_cat","embeddable":true,"href":"https:\/\/shop.larus.ch\/fr\/wp-json\/wp\/v2\/product_cat?post=108367"},{"taxonomy":"product_tag","embeddable":true,"href":"https:\/\/shop.larus.ch\/fr\/wp-json\/wp\/v2\/product_tag?post=108367"}],"curies":[{"name":"wp","href":"https:\/\/api.w.org\/{rel}","templated":true}]}}