{"id":6364,"date":"2017-08-08T16:04:39","date_gmt":"2017-08-08T14:04:39","guid":{"rendered":"http:\/\/shop.larus.ch.rubin.metanet.ch\/?page_id=6364\/"},"modified":"2017-08-08T21:20:27","modified_gmt":"2017-08-08T19:20:27","slug":"mentions-legales","status":"publish","type":"page","link":"https:\/\/shop.larus.ch\/fr\/mentions-legales\/","title":{"rendered":"Mentions l\u00e9gales"},"content":{"rendered":"<p>Nous compl\u00e9tons la gamme des produits en bois, en m\u00e9tal et en mati\u00e8re plastique fabriqu\u00e9s par nos soins avec des produits de diff\u00e9rents fournisseurs avec lesquels nous entretenons de bonnes relations commerciales. Cela nous permet de constituer un vaste assortiment de produits (comme le bois en grumes, les pieux, les panneaux pare-vue, les structures de jeu, les carports complets, les abris de jardin).<\/p>\n<p>Les produits d\u00e9pos\u00e9s sous la marque\u00a0larus.ch\u00a0(bois\/m\u00e9tal\/ mati\u00e8re plastique pour le jardin, les carports, les abris de jardin) sont livrables sur l&#8217;ensemble du territoire suisse.<\/p>\n<p>&nbsp;<\/p>\n<p>Si\u00e8ge \/ Adresse de la soci\u00e9t\u00e9:<br \/>\nPletscher + Co. AG<\/p>\n<p>T\u00e9l. :<\/p>\n<p>+41 52 687 42 42<br \/>\nOberwiesenweg 5<\/p>\n<p>T\u00e9l\u00e9copie :<\/p>\n<p>+ 41 52 687 42 40<br \/>\n8226 Schleitheim<br \/>\nSuisse<\/p>\n<p>Courriel :<\/p>\n<p>info@larus.ch<br \/>\ninfo@pletscherholz.ch<br \/>\nIdentifiant TVA : CHE-101.718.520 MWST<br \/>\nImmatriculation (Registre du commerce) : CH-290.3.003.672-1<\/p>\n<p>&nbsp;<\/p>\n<p>Clause de non-responsabilit\u00e9 :<br \/>\nLes textes, articles et liens ont fait l\u2019objet d\u2019une v\u00e9rification minutieuse et sont mis \u00e0 jour en permanence. La soci\u00e9t\u00e9 Pletscher + Co. AG s\u2019efforce de publier et de reprendre sur ce site Internet les informations exactes et compl\u00e8tes. Toutefois, elle ne saurait assurer, ni garantir l&#8217;exactitude, l&#8217;int\u00e9gralit\u00e9 ou le caract\u00e8re actuel des informations (y-compris les informations produits) disponibles sur ce site. Nous nous r\u00e9servons le droit de modifier \u00e0 tout moment et sans pr\u00e9avis les informations donn\u00e9es sur le pr\u00e9sent site et nous ne nous engageons nullement \u00e0 les mettre \u00e0 jour. L&#8217;exactitude de l&#8217;ensemble des connexions et liens vers des fournisseurs externes a \u00e9t\u00e9 v\u00e9rifi\u00e9e \u00e0 la date de leur prise en charge. Cependant, nous ne saurions \u00eatre tenus responsables du contenu ou de la disponibilit\u00e9 de sites Internet accessibles via des liens hypertextes. La responsabilit\u00e9 pour des contenus erron\u00e9s, incomplets ou ill\u00e9gaux, ainsi que pour des dommages cons\u00e9cutifs \u00e0 l\u2019utilisation non v\u00e9rifi\u00e9e de contenus de pages connexes incombe aux seuls prestataires desdites pages, auxquels il est fait r\u00e9f\u00e9rence, et ceci ind\u00e9pendamment du fait que le dommage en question est direct, indirect ou financier ou encore d\u00fb \u00e0 une perte de donn\u00e9es, \u00e0 une panne d&#8217;exploitation ou \u00e0 tout autre motif d\u2019une quelconque nature.<\/p>\n","protected":false},"excerpt":{"rendered":"<p>Nous compl\u00e9tons la gamme des produits en bois, en m\u00e9tal et en mati\u00e8re plastique fabriqu\u00e9s par nos soins avec des produits de diff\u00e9rents fournisseurs avec lesquels nous entretenons de bonnes relations commerciales. Cela nous permet de constituer un vaste assortiment de produits (comme le bois en grumes, les pieux, les panneaux pare-vue, les structures de [&hellip;]<\/p>\n","protected":false},"author":1,"featured_media":0,"parent":0,"menu_order":0,"comment_status":"closed","ping_status":"closed","template":"template-fullwidth.php","meta":[],"_links":{"self":[{"href":"https:\/\/shop.larus.ch\/fr\/wp-json\/wp\/v2\/pages\/6364"}],"collection":[{"href":"https:\/\/shop.larus.ch\/fr\/wp-json\/wp\/v2\/pages"}],"about":[{"href":"https:\/\/shop.larus.ch\/fr\/wp-json\/wp\/v2\/types\/page"}],"author":[{"embeddable":true,"href":"https:\/\/shop.larus.ch\/fr\/wp-json\/wp\/v2\/users\/1"}],"replies":[{"embeddable":true,"href":"https:\/\/shop.larus.ch\/fr\/wp-json\/wp\/v2\/comments?post=6364"}],"version-history":[{"count":1,"href":"https:\/\/shop.larus.ch\/fr\/wp-json\/wp\/v2\/pages\/6364\/revisions"}],"predecessor-version":[{"id":6365,"href":"https:\/\/shop.larus.ch\/fr\/wp-json\/wp\/v2\/pages\/6364\/revisions\/6365"}],"wp:attachment":[{"href":"https:\/\/shop.larus.ch\/fr\/wp-json\/wp\/v2\/media?parent=6364"}],"curies":[{"name":"wp","href":"https:\/\/api.w.org\/{rel}","templated":true}]}}