{"id":20203,"date":"2017-09-13T18:45:28","date_gmt":"2017-09-13T16:45:28","guid":{"rendered":"http:\/\/shop.larus.ch.rubin.metanet.ch\/?page_id=20203\/"},"modified":"2017-11-09T13:33:34","modified_gmt":"2017-11-09T12:33:34","slug":"retrai-chez-le-revendeur","status":"publish","type":"page","link":"https:\/\/shop.larus.ch\/fr\/retrai-chez-le-revendeur\/","title":{"rendered":"Retrai chez le revendeur"},"content":{"rendered":"<p>Si le client pr\u00e9f\u00e8re r\u00e9cuperer la marchandise chez le revendeur aucun frais d&#8217;exp\u00e9dition suppl\u00e9mentaire ne lui sera charg\u00e9 (hormis les carports et les maison en bloc en madriers). La livraison du revendeur s&#8217;effectue hebdomadaire. Nous vous avertissons quand la marchandise sera pr\u00eate pour l&#8217;enlevement.<\/p>\n","protected":false},"excerpt":{"rendered":"<p>Si le client pr\u00e9f\u00e8re r\u00e9cuperer la marchandise chez le revendeur aucun frais d&#8217;exp\u00e9dition suppl\u00e9mentaire ne lui sera charg\u00e9 (hormis les carports et les maison en bloc en madriers). La livraison du revendeur s&#8217;effectue hebdomadaire. Nous vous avertissons quand la marchandise sera pr\u00eate pour l&#8217;enlevement.<\/p>\n","protected":false},"author":1,"featured_media":0,"parent":0,"menu_order":0,"comment_status":"closed","ping_status":"closed","template":"template-merchants.php","meta":[],"_links":{"self":[{"href":"https:\/\/shop.larus.ch\/fr\/wp-json\/wp\/v2\/pages\/20203"}],"collection":[{"href":"https:\/\/shop.larus.ch\/fr\/wp-json\/wp\/v2\/pages"}],"about":[{"href":"https:\/\/shop.larus.ch\/fr\/wp-json\/wp\/v2\/types\/page"}],"author":[{"embeddable":true,"href":"https:\/\/shop.larus.ch\/fr\/wp-json\/wp\/v2\/users\/1"}],"replies":[{"embeddable":true,"href":"https:\/\/shop.larus.ch\/fr\/wp-json\/wp\/v2\/comments?post=20203"}],"version-history":[{"count":2,"href":"https:\/\/shop.larus.ch\/fr\/wp-json\/wp\/v2\/pages\/20203\/revisions"}],"predecessor-version":[{"id":23733,"href":"https:\/\/shop.larus.ch\/fr\/wp-json\/wp\/v2\/pages\/20203\/revisions\/23733"}],"wp:attachment":[{"href":"https:\/\/shop.larus.ch\/fr\/wp-json\/wp\/v2\/media?parent=20203"}],"curies":[{"name":"wp","href":"https:\/\/api.w.org\/{rel}","templated":true}]}}